{"id":19765,"date":"2025-12-10T22:31:09","date_gmt":"2025-12-10T22:31:09","guid":{"rendered":"https:\/\/encreatoutprix.ca\/produit\/recyclee-hp97-couleur-fuzion-hd\/"},"modified":"2026-02-05T20:29:35","modified_gmt":"2026-02-05T20:29:35","slug":"recyclee-hp97-couleur-fuzion-hd","status":"publish","type":"product","link":"https:\/\/encreatoutprix.ca\/en\/product\/recyclee-hp97-couleur-fuzion-hd\/","title":{"rendered":"Reman HP97 Color Fuzion (HD)"},"content":{"rendered":"<div id=\"tab-description\" class=\"tab-pane active\">\n<h3><strong>Fuzion! <\/strong><strong>La qualit\u00e9 qui co\u00fbte tout simplement moins cher.<\/strong><\/h3>\n<hr \/>\n<p><strong>Article #:<\/strong> CJFHP97<br \/>\n<strong>Origin code:<\/strong> N\u00b097 | C9363W<br \/>\n<strong>Type:<\/strong> Ink Jet<br \/>\n<strong>Category:\u00a0<\/strong>Reman<br \/>\n<strong>Capacity:<\/strong>\u00a0Standard yield<br \/>\n<strong>Version<sup>1<\/sup><\/strong><strong>:<\/strong> V9<br \/>\n<strong>Genrration<sup>2<\/sup><\/strong><strong>: <\/strong>HD<br \/>\n<strong>Ink<sup>3<\/sup><\/strong><strong>:<\/strong>\u00a02,9 picolitres<br \/>\n<strong>Print color:<\/strong>\u00a0Color<br \/>\n<strong>Number of pages<sup>4<\/sup><\/strong><strong>:<\/strong>\u00a0560 (0.046$\/pages)<br \/>\n<strong>Market price: <\/strong><s>29.99$<\/s><br \/>\n<strong>Price: 25.95$<\/strong><\/p>\n<hr \/>\n<blockquote>\n<blockquote>\n<h3><em>Laser Toner Cartridge HP\u00a0N\u00b097, C9363WN\u00a0Color Compatible\u00a0certified\u00a0ISO\/IEC\u00a024711 et 24712, ensures performance and print quality comparable to original cartridges.<\/em><\/h3>\n<ul>\n<li>\n<h3><em>Product guaranteed at 100 %.<\/em><\/h3>\n<\/li>\n<li>\n<h3><em>Free Technical Support.<\/em><\/h3>\n<\/li>\n<\/ul>\n<\/blockquote>\n<hr \/>\n<\/blockquote>\n<hr \/>\n<p><strong>Compatible printer<\/strong><\/p>\n<div>\n<table style=\"background-color: #229bca; width: 100%;\" border=\"0\" cellspacing=\"1\" cellpadding=\"1\">\n<tbody>\n<tr>\n<td><span style=\"color: #ffffff;\"><strong><span style=\"font-size: 14px;\">HP &#8211; DesignJet Series<\/span><\/strong><\/span><\/td>\n<\/tr>\n<\/tbody>\n<\/table>\n<table style=\"width: 100%;\" border=\"0\" cellspacing=\"1\" cellpadding=\"1\">\n<tbody>\n<tr>\n<td><span style=\"font-size: 14px;\">DesignJet 5940 | DesignJet 5940xi<\/span><\/td>\n<\/tr>\n<\/tbody>\n<\/table>\n<div>\n<table style=\"background-color: #229bca; width: 100%;\" border=\"0\" cellspacing=\"1\" cellpadding=\"1\">\n<tbody>\n<tr>\n<td><span style=\"color: #ffffff;\"><strong><span style=\"font-size: 14px;\">HP &#8211; DeskJet Series<\/span><\/strong><\/span><\/td>\n<\/tr>\n<\/tbody>\n<\/table>\n<table style=\"width: 100%;\" border=\"0\" cellspacing=\"1\" cellpadding=\"1\">\n<tbody>\n<tr>\n<td><span style=\"font-size: 14px;\">DeskJet 460 | DeskJet 460c | DeskJet 460cb | DeskJet 460wbt | DeskJet 460wf | DeskJet 5740 | DeskJet 5740xi | DeskJet 5743 | DeskJet 5745 | DeskJet 5748 | DeskJet 5940 | DeskJet 5940xi | DeskJet 6520 | DeskJet 6520xi | DeskJet 6540 | DeskJet 6540dt | DeskJet 6540xi | DeskJet 6620 | DeskJet 6620xi | DeskJet 6830 | DeskJet 6830v | DeskJet 6840 | DeskJet 6840dt | DeskJet 6840xi | DeskJet 6940 | DeskJet 6940dt | DeskJet 6980 DeskJet 6980dt | DeskJet 6988 | DeskJet 6988dt | DeskJet 9800 | DeskJet 9800d<\/span><\/td>\n<\/tr>\n<\/tbody>\n<\/table>\n<\/div>\n<table style=\"background-color: #229bca; width: 100%;\" border=\"0\" cellspacing=\"1\" cellpadding=\"1\">\n<tbody>\n<tr>\n<td><span style=\"color: #ffffff;\"><strong><span style=\"font-size: 14px;\">HP &#8211; OfficeJet Series<\/span><\/strong><\/span><\/td>\n<\/tr>\n<\/tbody>\n<\/table>\n<table style=\"width: 100%;\" border=\"0\" cellspacing=\"1\" cellpadding=\"1\">\n<tbody>\n<tr>\n<td><span style=\"font-size: 14px;\">OfficeJet 100 | OfficeJet 150 | OfficeJet 6200 | OfficeJet 6210 | OfficeJet 6210v | OfficeJet 6210xi | OfficeJet 6213 | OfficeJet 6215 | OfficeJet 7200 All-in-One series | OfficeJet 7210 | OfficeJet 7210v | OfficeJet 7210xi | OfficeJet 7300 All-in-One | OfficeJet 7310 | OfficeJet 7310xi | OfficeJet 7410 | OfficeJet 7410xi | OfficeJet H470 | OfficeJet H470b | OfficeJet H470wbt<\/span><\/td>\n<\/tr>\n<\/tbody>\n<\/table>\n<table style=\"background-color: #229bca; width: 100%;\" border=\"0\" cellspacing=\"1\" cellpadding=\"1\">\n<tbody>\n<tr>\n<td><span style=\"color: #ffffff;\"><strong><span style=\"font-size: 14px;\">HP &#8211; PSC Series<\/span><\/strong><\/span><\/td>\n<\/tr>\n<\/tbody>\n<\/table>\n<table style=\"width: 100%;\" border=\"0\" cellspacing=\"1\" cellpadding=\"1\">\n<tbody>\n<tr>\n<td><span style=\"font-size: 14px;\">PSC 1600 | PSC 1610 PSC | 1610v PSC | 1610xi | PSC 2350 | PSC 2355 | PSC 2355v | PSC 2355xi<\/span><\/td>\n<\/tr>\n<\/tbody>\n<\/table>\n<table style=\"background-color: #229bca; width: 100%;\" border=\"0\" cellspacing=\"1\" cellpadding=\"1\">\n<tbody>\n<tr>\n<td><span style=\"color: #ffffff;\"><strong><span style=\"font-size: 14px;\">HP &#8211; PhotoSmart Series<\/span><\/strong><\/span><\/td>\n<\/tr>\n<\/tbody>\n<\/table>\n<table style=\"width: 100%;\" border=\"0\" cellspacing=\"1\" cellpadding=\"1\">\n<tbody>\n<tr>\n<td><span style=\"font-size: 14px;\">PhotoSmart 2600 Series | PhotoSmart 2605 | PhotoSmart 2608 | PhotoSmart 2610 | PhotoSmart 2610v | PhotoSmart 2610xi | PhotoSmart 2613 | PhotoSmart 2710 | PhotoSmart 2710xi | PhotoSmart 320 Series | PhotoSmart 325 | PhotoSmart 325v | PhotoSmart 325xi | PhotoSmart 330 Series | PhotoSmart 335 | PhotoSmart 335v | PhotoSmart 335xi | PhotoSmart 370 Series | PhotoSmart 375 | PhotoSmart 375b | PhotoSmart 375v | PhotoSmart 385 | PhotoSmart 385v | PhotoSmart 385xi | PhotoSmart 420 | PhotoSmart 422 | PhotoSmart 425 | PhotoSmart 425v | PhotoSmart 428 | PhotoSmart 428xi | PhotoSmart 475 | PhotoSmart 475v | PhotoSmart 475xi | PhotoSmart 8049 | PhotoSmart 8050 | PhotoSmart 8050v | PhotoSmart 8050xi | PhotoSmart 8150 | PhotoSmart 8150v | PhotoSmart 8150xi | PhotoSmart 8400 | PhotoSmart 8450 | PhotoSmart 8450xi | PhotoSmart 8750 | PhotoSmart 8750gp | PhotoSmart 8750xi | PhotoSmart 8753 | PhotoSmart 8758 | PhotoSmart B8300 | PhotoSmart B8330 | PhotoSmart B8338 | PhotoSmart B8353 | PhotoSmart Pro B8350<\/span><\/td>\n<\/tr>\n<\/tbody>\n<\/table>\n<div>\n<h4><span style=\"font-size: 12px;\"><span style=\"font-size: 12px;\">R\u00e9f\u00e9rence: HP 97, HP97,\u00a0C9363WN, IJ97<\/span><\/span><\/h4>\n<hr \/>\n<div id=\"replie\" style=\"margin-left: 80px; display: block;\"><span style=\"font-size: 12px;\"><span style=\"font-size: 12px;\"><span style=\"font-size: 16px;\"><strong><span style=\"color: #0000ff;\"><sup>1<\/sup><\/span><\/strong><\/span><span style=\"font-size: 12px;\"><span style=\"color: #000000;\"><span style=\"font-family: arial,helvetica,sans-serif;\"><span style=\"line-height: 18px;\">Version,\u00a0<\/span><\/span><\/span><\/span><span style=\"font-size: 16px;\"><strong><span style=\"color: #0000ff;\"><sup>2<\/sup><\/span><\/strong><\/span>Generation, <span style=\"font-size: 16px;\"><strong><span style=\"color: #0000ff;\"><sup>3<\/sup><\/span><\/strong><\/span>Encre,\u00a0 <span style=\"font-size: 16px;\"><strong><span style=\"color: #0000ff;\"><sup>4<\/sup><\/span><\/strong><\/span>Numbre de pages&#8230;<span style=\"font-size: 12px;\"><span style=\"color: #000080;\"><span style=\"font-family: arial,helvetica,sans-serif;\"> En savoir\u00a0davantage<\/span><\/span><\/span><span style=\"font-size: 14px;\"><strong>\u21d3<\/strong><\/span><\/span><\/span><\/div>\n<div id=\"deplie\" style=\"display: none;\">\n<p><span style=\"font-size: 12px;\"><span style=\"font-size: 12px;\"><strong>&gt;<span style=\"font-size: 14px;\"><span style=\"font-family: arial,helvetica,sans-serif;\"><span style=\"color: #000080;\">Ferme<\/span><\/span><\/span><\/strong><\/span><\/span><\/p>\n<p><span style=\"font-size: 12px;\"><span style=\"font-size: 12px;\"><span style=\"font-size: 12px;\"><span style=\"color: #0000ff;\"><span style=\"font-family: arial,helvetica,sans-serif;\"><span style=\"line-height: 18px;\"><sup>\u00a01<\/sup><\/span><\/span><\/span><span style=\"color: #000000;\"><span style=\"font-family: arial,helvetica,sans-serif;\"><span style=\"line-height: 18px;\">La version d\u2019un produit d\u00e9termine quand il a subi son dernier contr\u00f4le et mise \u00e0 niveau. Les imprimantes d\u2019aujourd\u2019hui, lorsque connect\u00e9es \u00e0 un ordinateur, tablette ou tout appareil mobile, ont la possibilit\u00e9 (souvent \u00e0 votre insu) de changer certains r\u00e9glages internes de l\u2019imprimante. Cette technologie de mise \u00e0 niveau automatique des imprimantes a \u00e9t\u00e9 d\u00e9velopp\u00e9e par les manufacturiers d\u2019origine pour contrer les cartouches recycl\u00e9es ou compatibles. Il est important de vous assurer d\u2019avoir toujours la version la plus r\u00e9cente de vos cartouches, autrement cela pourrait influencer de fa\u00e7on consid\u00e9rable le rendement de la cartouche.<\/span><\/span><\/span><\/span> <\/span><\/span><\/p>\n<hr \/>\n<p><span style=\"font-size: 12px;\"><span style=\"font-size: 12px;\"><span style=\"color: #0000ff;\"><sup>2<\/sup><\/span>La g\u00e9n\u00e9ration d\u00e9termine les composantes utilis\u00e9es pour la fabrication de la cartouche compatible ou le recyclage de la cartouche d\u2019origine. (HD) Haute d\u00e9finition, (EHQ) \u00c9conomique haute qualit\u00e9, (EP) Qui peut \u00eatre traduit par&#8230; Fabriquer pour \u00eatre vendu pour le prix, peu importe le rendement.<\/span><\/span><\/p>\n<hr \/>\n<p><span style=\"font-size: 12px;\"><span style=\"font-size: 12px;\"><span style=\"font-size: 12px;\"><span style=\"color: #0000ff;\"><span style=\"font-family: arial,helvetica,sans-serif;\"><span style=\"line-height: 18px;\"><sup>3<\/sup><\/span><\/span><\/span><span style=\"color: #000000;\"><span style=\"font-family: arial,helvetica,sans-serif;\"><span style=\"line-height: 18px;\"> Les manufacturiers \/ fabricants des cartouches compatibles &amp; recycl\u00e9es ont le choix d\u2019utiliser des encres ayant des composantes diff\u00e9rentes. Un mauvais choix peut influencer directement le rendement (de 30 \u00e0 60 % moins de copies) par cartouche et provoquer une usure pr\u00e9matur\u00e9e de votre \u00e9quipement.<\/span><\/span><\/span><\/span><\/span><\/span><\/p>\n<hr \/>\n<p><span style=\"font-size: 12px;\"><span style=\"font-size: 12px;\"><span style=\"font-size: 12px;\"><span style=\"color: #0000ff;\"><span style=\"font-family: arial,helvetica,sans-serif;\"><span style=\"line-height: 18px;\"><sup>4<\/sup><\/span><\/span><\/span><span style=\"color: #000000;\"><span style=\"font-family: arial,helvetica,sans-serif;\"><span style=\"line-height: 18px;\"> Le nombre de pages 81\/2 X 11 pouvant \u00eatre imprim\u00e9 \u00e0 partir de cette cartouche \u00e0 5% de couverture. Norme toner monochrome (ISO\/CEI 24711) toner couleur (ISO\/CEI 19798)<\/span><\/span><\/span><\/span><\/span><\/span><\/p>\n<\/div>\n<hr \/>\n<\/div>\n<\/div>\n<\/div>\n","protected":false},"excerpt":{"rendered":"<p>On order only<\/p>\n","protected":false},"featured_media":19767,"comment_status":"open","ping_status":"closed","template":"","meta":[],"product_brand":[],"product_cat":[133],"product_tag":[],"class_list":{"0":"post-19765","1":"product","2":"type-product","3":"status-publish","4":"has-post-thumbnail","6":"product_cat-fuzion-ink-brand","8":"first","9":"instock","10":"taxable","11":"shipping-taxable","12":"purchasable","13":"product-type-simple"},"_links":{"self":[{"href":"https:\/\/encreatoutprix.ca\/en\/wp-json\/wp\/v2\/product\/19765","targetHints":{"allow":["GET"]}}],"collection":[{"href":"https:\/\/encreatoutprix.ca\/en\/wp-json\/wp\/v2\/product"}],"about":[{"href":"https:\/\/encreatoutprix.ca\/en\/wp-json\/wp\/v2\/types\/product"}],"replies":[{"embeddable":true,"href":"https:\/\/encreatoutprix.ca\/en\/wp-json\/wp\/v2\/comments?post=19765"}],"wp:featuredmedia":[{"embeddable":true,"href":"https:\/\/encreatoutprix.ca\/en\/wp-json\/wp\/v2\/media\/19767"}],"wp:attachment":[{"href":"https:\/\/encreatoutprix.ca\/en\/wp-json\/wp\/v2\/media?parent=19765"}],"wp:term":[{"taxonomy":"product_brand","embeddable":true,"href":"https:\/\/encreatoutprix.ca\/en\/wp-json\/wp\/v2\/product_brand?post=19765"},{"taxonomy":"product_cat","embeddable":true,"href":"https:\/\/encreatoutprix.ca\/en\/wp-json\/wp\/v2\/product_cat?post=19765"},{"taxonomy":"product_tag","embeddable":true,"href":"https:\/\/encreatoutprix.ca\/en\/wp-json\/wp\/v2\/product_tag?post=19765"}],"curies":[{"name":"wp","href":"https:\/\/api.w.org\/{rel}","templated":true}]}}