{"id":19741,"date":"2025-12-10T22:31:17","date_gmt":"2025-12-10T22:31:17","guid":{"rendered":"https:\/\/encreatoutprix.ca\/produit\/remanufacture-jet-dencre-hp-952xl-jaune-smart-mate\/"},"modified":"2026-05-08T13:07:58","modified_gmt":"2026-05-08T17:07:58","slug":"remanufacture-jet-dencre-hp-952xl-jaune-smart-mate","status":"publish","type":"product","link":"https:\/\/encreatoutprix.ca\/en\/product\/remanufacture-jet-dencre-hp-952xl-jaune-smart-mate\/","title":{"rendered":"Reman Jet d`encre HP 952XL Yellow (Smart Mate)"},"content":{"rendered":"<div id=\"tab-description\" class=\"tab-pane active\">\n<h2><span style=\"font-size: 20px;\"><span style=\"color: #0000ff;\">SMART MATE, NEW ON THE MARKET<\/span><\/span><\/h2>\n<p><strong>Article #:<\/strong> ERJHP952XLYL<br \/>\n<strong>Origin code:<\/strong> #952XL | L0S67AN<br \/>\n<strong>Type:<\/strong> Ink Jet<br \/>\n<strong>Category:\u00a0<\/strong>Reman<br \/>\n<strong>Capacity:<\/strong>\u00a0High Yield<br \/>\n<strong>Genrration<sup>2<\/sup>: <\/strong>EHQ<br \/>\n<strong>Ink<sup>3<\/sup><\/strong><strong>:<\/strong>\u00a02,0 picolitres<br \/>\n<strong>Print color:<\/strong>\u00a0Yellow<br \/>\n<strong>Number of pages<sup>4<\/sup><\/strong><strong>:<\/strong>\u00a01,600 (0.018$\/pages)<br \/>\n<strong>Market price: <\/strong><s>35.99$<\/s><br \/>\n<strong>Price: 29.95$<\/strong><\/p>\n<hr \/>\n<blockquote>\n<h4><em>Laser Toner Cartridge HP #9452XL Yellow Compatible, performance comparable to original cartridges.<\/em><\/h4>\n<ul>\n<li>\n<h4><em>Free Technical Support.<\/em><\/h4>\n<\/li>\n<\/ul>\n<\/blockquote>\n<hr \/>\n<p><strong>Compatible printers<\/strong><\/p>\n<div>\n<div>\n<table style=\"background-color: #229bca; width: 100%;\" border=\"0\" cellspacing=\"1\" cellpadding=\"1\">\n<tbody>\n<tr>\n<td><span style=\"color: #ffffff;\"><strong><span style=\"font-size: 14px;\">HP &#8211; OfficeJet Pro Series<\/span><\/strong><\/span><\/td>\n<\/tr>\n<\/tbody>\n<\/table>\n<table style=\"width: 100%;\" border=\"0\" cellspacing=\"1\" cellpadding=\"1\">\n<tbody>\n<tr>\n<td><span style=\"font-size: 14px;\">OfficeJet Pro 7720 | OfficeJet Pro 7730 | OfficeJet Pro 7745 | OfficeJet Pro 8200 | OfficeJet Pro 8210 | OfficeJet Pro 8216 | OfficeJet Pro 8218 | OfficeJet Pro 8700 | OfficeJet Pro 8716 | OfficeJet Pro 8718 | OfficeJet Pro 8719 | OfficeJet Pro 8720 | OfficeJet Pro 8724 | OfficeJet Pro 8725 | OfficeJet Pro 8726 | OfficeJet Pro 8727 | OfficeJet Pro 8728 | OfficeJet Pro 8730 | OfficeJet Pro 8732M | OfficeJet Pro 8734 | OfficeJet Pro 8735 | OfficeJet Pro 8736 | OfficeJet Pro 8740 | OfficeJet Pro 8743 | OfficeJet Pro 8744 | OfficeJet Pro 8745 | OfficeJet Pro 8746 | OfficeJet Pro 8747 | Officejet Pro 7740<\/span><\/td>\n<\/tr>\n<\/tbody>\n<\/table>\n<\/div>\n<div>\n<hr \/>\n<h4><span style=\"font-size: 12px;\">Reference: HP #952XL, HP 952XL, L0S67AN, IJ952XLY<\/span><\/h4>\n<\/div>\n<\/div>\n<hr \/>\n<div id=\"replie\" style=\"margin-left: 80px; display: block;\"><span style=\"font-size: 16px;\"><strong><span style=\"color: #0000ff;\"><sup>1<\/sup><\/span><\/strong><\/span><span style=\"font-size: 12px;\"><span style=\"color: #000000;\"><span style=\"font-family: arial,helvetica,sans-serif;\"><span style=\"line-height: 18px;\">Version,\u00a0<\/span><\/span><\/span><\/span><span style=\"font-size: 16px;\"><strong><span style=\"color: #0000ff;\"><sup>2<\/sup><\/span><\/strong><\/span>G\u00e9n\u00e9ration, <span style=\"font-size: 16px;\"><strong><span style=\"color: #0000ff;\"><sup>3<\/sup><\/span><\/strong><\/span>Encre,\u00a0 <span style=\"font-size: 16px;\"><strong><span style=\"color: #0000ff;\"><sup>4<\/sup><\/span><\/strong><\/span>Numbre de pages&#8230;<span style=\"font-size: 12px;\"><span style=\"color: #000080;\"><span style=\"font-family: arial,helvetica,sans-serif;\"> En savoir\u00a0davantage<\/span><\/span><\/span><span style=\"font-size: 14px;\"><strong>\u21d3<\/strong><\/span><\/div>\n<div id=\"deplie\" style=\"display: none;\">\n<p><strong>&gt;<span style=\"font-size: 14px;\"><span style=\"font-family: arial,helvetica,sans-serif;\"><span style=\"color: #000080;\">Ferme<\/span><\/span><\/span><\/strong><\/p>\n<p><span style=\"font-size: 12px;\"><span style=\"color: #0000ff;\"><span style=\"font-family: arial,helvetica,sans-serif;\"><span style=\"line-height: 18px;\"><sup>\u00a01<\/sup><\/span><\/span><\/span><span style=\"color: #000000;\"><span style=\"font-family: arial,helvetica,sans-serif;\"><span style=\"line-height: 18px;\">La version d\u2019un produit d\u00e9termine quand il a subi son dernier contr\u00f4le et mise \u00e0 niveau. Les imprimantes d\u2019aujourd\u2019hui, lorsque connect\u00e9es \u00e0 un ordinateur, tablette ou tout appareil mobile, ont la possibilit\u00e9 (souvent \u00e0 votre insu) de changer certains r\u00e9glages internes de l\u2019imprimante. Cette technologie de mise \u00e0 niveau automatique des imprimantes a \u00e9t\u00e9 d\u00e9velopp\u00e9e par les manufacturiers d\u2019origine pour contrer les cartouches recycl\u00e9es ou compatibles. Il est important de vous assurer d\u2019avoir toujours la version la plus r\u00e9cente de vos cartouches, autrement cela pourrait influencer de fa\u00e7on consid\u00e9rable le rendement de la cartouche.<\/span><\/span><\/span><\/span><\/p>\n<hr \/>\n<p><span style=\"color: #0000ff;\"><sup>2<\/sup><\/span>La g\u00e9n\u00e9ration d\u00e9termine les composantes utilis\u00e9es pour la fabrication de la cartouche compatible ou le recyclage de la cartouche d\u2019origine. (HD) Haute d\u00e9finition, (EHQ) \u00c9conomique haute qualit\u00e9, (EP) Qui peut \u00eatre traduit par&#8230; Fabriquer pour \u00eatre vendu pour le prix, peu importe le rendement.<\/p>\n<hr \/>\n<p><span style=\"font-size: 12px;\"><span style=\"color: #0000ff;\"><span style=\"font-family: arial,helvetica,sans-serif;\"><span style=\"line-height: 18px;\"><sup>3<\/sup><\/span><\/span><\/span><span style=\"color: #000000;\"><span style=\"font-family: arial,helvetica,sans-serif;\"><span style=\"line-height: 18px;\"> Les manufacturiers \/ fabricants des cartouches compatibles &amp; recycl\u00e9es ont le choix d\u2019utiliser des encres ayant des composantes diff\u00e9rentes. Un mauvais choix peut influencer directement le rendement (de 30 \u00e0 60 % moins de copies) par cartouche et provoquer une usure pr\u00e9matur\u00e9e de votre \u00e9quipement.<\/span><\/span><\/span><\/span><\/p>\n<hr \/>\n<p><span style=\"font-size: 12px;\"><span style=\"color: #0000ff;\"><span style=\"font-family: arial,helvetica,sans-serif;\"><span style=\"line-height: 18px;\"><sup>4<\/sup><\/span><\/span><\/span><span style=\"color: #000000;\"><span style=\"font-family: arial,helvetica,sans-serif;\"><span style=\"line-height: 18px;\"> Le nombre de pages 81\/2 X 11 pouvant \u00eatre imprim\u00e9 \u00e0 partir de cette cartouche \u00e0 5% de couverture. Norme toner monochrome (ISO\/CEI 24711) toner couleur (ISO\/CEI 19798)<\/span><\/span><\/span><\/span><\/p>\n<\/div>\n<hr \/>\n<\/div>\n","protected":false},"excerpt":{"rendered":"<p>SMART MATE, NEW ON THE MARKET Article #: ERJHP952XLYL Origin code: #952XL | L0S67AN Type: Ink Jet Category:\u00a0Reman Capacity:\u00a0High Yield Genrration2: EHQ Ink3:\u00a02,0 picolitres Print color:\u00a0Yellow Number of pages4:\u00a01,600 (0.018$\/pages) Market price: 35.99$ Price: 29.95$ Laser Toner Cartridge HP #9452XL Yellow Compatible, performance comparable to original cartridges. Free Technical Support. Compatible printers HP &#8211; OfficeJet [&hellip;]<\/p>\n","protected":false},"featured_media":16945,"comment_status":"open","ping_status":"closed","template":"","meta":[],"product_brand":[],"product_cat":[299,173,297,155],"product_tag":[],"class_list":{"0":"post-19741","1":"product","2":"type-product","3":"status-publish","4":"has-post-thumbnail","6":"product_cat-couleur","7":"product_cat-inkjet","8":"product_cat-inkj-jet-hp","9":"product_cat-smart-mate-brand","11":"first","12":"instock","13":"taxable","14":"shipping-taxable","15":"purchasable","16":"product-type-simple"},"_links":{"self":[{"href":"https:\/\/encreatoutprix.ca\/en\/wp-json\/wp\/v2\/product\/19741","targetHints":{"allow":["GET"]}}],"collection":[{"href":"https:\/\/encreatoutprix.ca\/en\/wp-json\/wp\/v2\/product"}],"about":[{"href":"https:\/\/encreatoutprix.ca\/en\/wp-json\/wp\/v2\/types\/product"}],"replies":[{"embeddable":true,"href":"https:\/\/encreatoutprix.ca\/en\/wp-json\/wp\/v2\/comments?post=19741"}],"wp:featuredmedia":[{"embeddable":true,"href":"https:\/\/encreatoutprix.ca\/en\/wp-json\/wp\/v2\/media\/16945"}],"wp:attachment":[{"href":"https:\/\/encreatoutprix.ca\/en\/wp-json\/wp\/v2\/media?parent=19741"}],"wp:term":[{"taxonomy":"product_brand","embeddable":true,"href":"https:\/\/encreatoutprix.ca\/en\/wp-json\/wp\/v2\/product_brand?post=19741"},{"taxonomy":"product_cat","embeddable":true,"href":"https:\/\/encreatoutprix.ca\/en\/wp-json\/wp\/v2\/product_cat?post=19741"},{"taxonomy":"product_tag","embeddable":true,"href":"https:\/\/encreatoutprix.ca\/en\/wp-json\/wp\/v2\/product_tag?post=19741"}],"curies":[{"name":"wp","href":"https:\/\/api.w.org\/{rel}","templated":true}]}}