{"id":19561,"date":"2025-12-10T22:31:35","date_gmt":"2025-12-10T22:31:35","guid":{"rendered":"https:\/\/encreatoutprix.ca\/produit\/compatible-brother-lc103-xl-magenta-smart-mate-100-garanties\/"},"modified":"2026-05-08T12:00:32","modified_gmt":"2026-05-08T16:00:32","slug":"compatible-brother-lc103-xl-magenta-smart-mate","status":"publish","type":"product","link":"https:\/\/encreatoutprix.ca\/en\/product\/compatible-brother-lc103-xl-magenta-smart-mate\/","title":{"rendered":"Compatible Brother LC103 XL Magenta Smart Mate"},"content":{"rendered":"<div id=\"tab-description\" class=\"tab-pane active\">\n<div id=\"tab-description\" class=\"tab-pane active\">\n<div id=\"tab-description\" class=\"tab-pane active\">\n<header><\/header>\n<h2>TRY IT NOW!<\/h2>\n<section>\n<h3>Product Features<\/h3>\n<ul>\n<li><strong>Product Features :<\/strong> up to <strong><span style=\"color: #ff0000;\">600<\/span><\/strong> pages<\/li>\n<li><strong>Color : Magenta<\/strong><\/li>\n<li><strong>Ink:\u00a01,9 picolitres<\/strong><\/li>\n<li><strong>\u00c9conomique <\/strong>: <span style=\"color: #0000ff;\"><strong>$10,95<\/strong><\/span>\u00a0only <span style=\"color: #ff0000;\"><strong>$0.018<\/strong><\/span> per page.<\/li>\n<\/ul>\n<\/section>\n<section>\n<ul>\n<li><strong>Fast delivery throughout Canada.<\/strong><\/li>\n<li><strong>Free technical support for any assistance.<\/strong><\/li>\n<\/ul>\n<section>\n<h3>Compatibility and Benefits<\/h3>\n<p>Our compatible <strong>LC103 Magenta Smart Mate<\/strong> is perfect for the following <strong>Brother <\/strong>printers :<\/p>\n<div>\n<div>\n<table style=\"background-color: #229bca; width: 100%;\" border=\"0\" cellspacing=\"1\" cellpadding=\"1\">\n<tbody>\n<tr>\n<td><span style=\"color: #ffffff;\"><strong><span style=\"font-size: 14px;\">Brother &#8211; DCP Series<\/span><\/strong><\/span><\/td>\n<\/tr>\n<\/tbody>\n<\/table>\n<table style=\"width: 100%;\" border=\"0\" cellspacing=\"1\" cellpadding=\"1\">\n<tbody>\n<tr>\n<td><span style=\"font-size: 14px;\">DCP-J152W <\/span><\/td>\n<\/tr>\n<\/tbody>\n<\/table>\n<\/div>\n<table style=\"background-color: #229bca; width: 100%;\" border=\"0\" cellspacing=\"1\" cellpadding=\"1\">\n<tbody>\n<tr>\n<td><span style=\"color: #ffffff;\"><strong><span style=\"font-size: 14px;\">Brother\u00a0\u2013\u00a0Mfc\u00a0Series<\/span><\/strong><\/span><\/td>\n<\/tr>\n<\/tbody>\n<\/table>\n<table style=\"width: 100%;\" border=\"0\" cellspacing=\"1\" cellpadding=\"1\">\n<tbody>\n<tr>\n<td><span style=\"font-size: 14px;\">MFC-J245 | MFC-J285DW | MFC-J4310DW | MFC-J4410DW | MFC-J450DW | MFC-J4510DW | MFC-J4610DW | MFC-J470DW | MFC-J4710DW | MFC-J475DW | MFC-J650DW | MFC-J6520DW | MFC-J6720DW | MFC-J6920DW | MFC-J870DW | MFC-J875DW<\/span><\/td>\n<\/tr>\n<\/tbody>\n<\/table>\n<div>\n<hr \/>\n<p>&nbsp;<\/p>\n<hr \/>\n<\/div>\n<\/div>\n<\/section>\n<\/section>\n<\/div>\n<\/div>\n<div id=\"deplie\" style=\"display: none;\">\n<p><strong>&gt;<span style=\"font-size: 14px;\"><span style=\"font-family: arial,helvetica,sans-serif;\"><span style=\"color: #000080;\">Ferme<\/span><\/span><\/span><\/strong><\/p>\n<p><span style=\"font-size: 12px;\"><span style=\"color: #0000ff;\"><span style=\"font-family: arial,helvetica,sans-serif;\"><span style=\"line-height: 18px;\"><sup>\u00a01<\/sup><\/span><\/span><\/span><span style=\"color: #000000;\"><span style=\"font-family: arial,helvetica,sans-serif;\"><span style=\"line-height: 18px;\">La version d\u2019un produit d\u00e9termine quand il a subi son dernier contr\u00f4le et mise \u00e0 niveau. Les imprimantes d\u2019aujourd\u2019hui, lorsque connect\u00e9es \u00e0 un ordinateur, tablette ou tout appareil mobile, ont la possibilit\u00e9 (souvent \u00e0 votre insu) de changer certains r\u00e9glages internes de l\u2019imprimante. Cette technologie de mise \u00e0 niveau automatique des imprimantes a \u00e9t\u00e9 d\u00e9velopp\u00e9e par les manufacturiers d\u2019origine pour contrer les cartouches recycl\u00e9es ou compatibles. Il est important de vous assurer d\u2019avoir toujours la version la plus r\u00e9cente de vos cartouches, autrement cela pourrait influencer de fa\u00e7on consid\u00e9rable le rendement de la cartouche.<\/span><\/span><\/span><\/span><\/p>\n<hr \/>\n<p><span style=\"color: #0000ff;\"><sup>2<\/sup><\/span>La g\u00e9n\u00e9ration d\u00e9termine les composantes utilis\u00e9es pour la fabrication de la cartouche compatible ou le recyclage de la cartouche d\u2019origine. (HD) Haute d\u00e9finition, (EHQ) \u00c9conomique haute qualit\u00e9, (EP) Qui peut \u00eatre traduit par&#8230; Fabriquer pour \u00eatre vendu pour le prix, peu importe le rendement.<\/p>\n<hr \/>\n<p><span style=\"font-size: 12px;\"><span style=\"color: #0000ff;\"><span style=\"font-family: arial,helvetica,sans-serif;\"><span style=\"line-height: 18px;\"><sup>3<\/sup><\/span><\/span><\/span><span style=\"color: #000000;\"><span style=\"font-family: arial,helvetica,sans-serif;\"><span style=\"line-height: 18px;\"> Les manufacturiers \/ fabricants des cartouches compatibles &amp; recycl\u00e9es ont le choix d\u2019utiliser des encres ayant des composantes diff\u00e9rentes. Un mauvais choix peut influencer directement le rendement (de 30 \u00e0 60 % moins de copies) par cartouche et provoquer une usure pr\u00e9matur\u00e9e de votre \u00e9quipement.<\/span><\/span><\/span><\/span><\/p>\n<hr \/>\n<p><span style=\"font-size: 12px;\"><span style=\"color: #0000ff;\"><span style=\"font-family: arial,helvetica,sans-serif;\"><span style=\"line-height: 18px;\"><sup>4<\/sup><\/span><\/span><\/span><span style=\"color: #000000;\"><span style=\"font-family: arial,helvetica,sans-serif;\"><span style=\"line-height: 18px;\"> Le nombre de pages 81\/2 X 11 pouvant \u00eatre imprim\u00e9 \u00e0 partir de cette cartouche \u00e0 5% de couverture. Norme toner monochrome (ISO\/CEI 24711) toner couleur (ISO\/CEI 19798)<\/span><\/span><\/span><\/span><\/p>\n<hr \/>\n<hr \/>\n<\/div>\n<\/div>\n","protected":false},"excerpt":{"rendered":"<p>TRY IT NOW! Product Features Product Features : up to 600 pages Color : Magenta Ink:\u00a01,9 picolitres \u00c9conomique : $10,95\u00a0only $0.018 per page. Fast delivery throughout Canada. Free technical support for any assistance. Compatibility and Benefits Our compatible LC103 Magenta Smart Mate is perfect for the following Brother printers : Brother &#8211; DCP Series DCP-J152W [&hellip;]<\/p>\n","protected":false},"featured_media":16945,"comment_status":"open","ping_status":"closed","template":"","meta":[],"product_brand":[],"product_cat":[199,200,173,155],"product_tag":[],"class_list":{"0":"post-19561","1":"product","2":"type-product","3":"status-publish","4":"has-post-thumbnail","6":"product_cat-inkjet-brother","7":"product_cat-inkjet-brother-cartridge","8":"product_cat-inkjet","9":"product_cat-smart-mate-brand","11":"first","12":"instock","13":"taxable","14":"shipping-taxable","15":"purchasable","16":"product-type-simple"},"_links":{"self":[{"href":"https:\/\/encreatoutprix.ca\/en\/wp-json\/wp\/v2\/product\/19561","targetHints":{"allow":["GET"]}}],"collection":[{"href":"https:\/\/encreatoutprix.ca\/en\/wp-json\/wp\/v2\/product"}],"about":[{"href":"https:\/\/encreatoutprix.ca\/en\/wp-json\/wp\/v2\/types\/product"}],"replies":[{"embeddable":true,"href":"https:\/\/encreatoutprix.ca\/en\/wp-json\/wp\/v2\/comments?post=19561"}],"wp:featuredmedia":[{"embeddable":true,"href":"https:\/\/encreatoutprix.ca\/en\/wp-json\/wp\/v2\/media\/16945"}],"wp:attachment":[{"href":"https:\/\/encreatoutprix.ca\/en\/wp-json\/wp\/v2\/media?parent=19561"}],"wp:term":[{"taxonomy":"product_brand","embeddable":true,"href":"https:\/\/encreatoutprix.ca\/en\/wp-json\/wp\/v2\/product_brand?post=19561"},{"taxonomy":"product_cat","embeddable":true,"href":"https:\/\/encreatoutprix.ca\/en\/wp-json\/wp\/v2\/product_cat?post=19561"},{"taxonomy":"product_tag","embeddable":true,"href":"https:\/\/encreatoutprix.ca\/en\/wp-json\/wp\/v2\/product_tag?post=19561"}],"curies":[{"name":"wp","href":"https:\/\/api.w.org\/{rel}","templated":true}]}}