{"id":17471,"date":"2025-12-10T22:36:42","date_gmt":"2025-12-10T22:36:42","guid":{"rendered":"https:\/\/encreatoutprix.ca\/produit\/original-brother-tn-339-toner-noir-hy\/"},"modified":"2026-01-14T15:25:31","modified_gmt":"2026-01-14T15:25:31","slug":"original-brother-tn-339-toner-noir-hy","status":"publish","type":"product","link":"https:\/\/encreatoutprix.ca\/en\/product\/original-brother-tn-339-toner-noir-hy\/","title":{"rendered":"Genuine Brother TN-339 Toner Black HY"},"content":{"rendered":"<div id=\"tab-description\" class=\"tab-pane active\">\n<p><span style=\"font-size: 16px;\"><strong># d&#8217;Article:<\/strong> BRTN339BK<br \/>\n<strong>Origin code:<\/strong> TN339BK | TN-339BK<br \/>\n<strong>Type:<\/strong> Cartouche Laser<br \/>\n<strong>Category<\/strong>: Genuine<br \/>\n<strong>Capacity:<\/strong> Extra high capacity<br \/>\n<strong>Print color:<\/strong> Black<br \/>\n<strong>Number of pages<span style=\"color: #0000ff;\"><sup>4<\/sup><\/span><\/strong><strong>:<\/strong> 6,000\u00a0 <\/span><\/p>\n<hr \/>\n<p><strong style=\"font-size: 16px;\">Compatible printers list<\/strong><\/p>\n<div>\n<div>\n<table style=\"background-color: #229bca; width: 100%;\" border=\"0\" cellspacing=\"1\" cellpadding=\"1\">\n<tbody>\n<tr>\n<td><span style=\"color: #ffffff;\"><strong><span style=\"font-size: 14px;\">Brother &#8211; HL Series<\/span><\/strong><\/span><\/td>\n<\/tr>\n<\/tbody>\n<\/table>\n<table style=\"width: 100%;\" border=\"0\" cellspacing=\"1\" cellpadding=\"1\">\n<tbody>\n<tr>\n<td><span style=\"font-size: 14px;\">HL-L9200CDW | HL-L9200CDWT<\/span><\/td>\n<\/tr>\n<\/tbody>\n<\/table>\n<\/div>\n<div>\n<table style=\"background-color: #229bca; width: 100%;\" border=\"0\" cellspacing=\"1\" cellpadding=\"1\">\n<tbody>\n<tr>\n<td><span style=\"color: #ffffff;\"><strong><span style=\"font-size: 14px;\">Brother &#8211; MFC Series<\/span><\/strong><\/span><\/td>\n<\/tr>\n<\/tbody>\n<\/table>\n<table style=\"width: 100%;\" border=\"0\" cellspacing=\"1\" cellpadding=\"1\">\n<tbody>\n<tr>\n<td><span style=\"font-size: 14px;\">MFC-L9550CDW<\/span><\/td>\n<\/tr>\n<\/tbody>\n<\/table>\n<hr \/>\n<h4><span style=\"font-size: 16px;\"><strong><span style=\"color: #0000ff;\"><sup>1<\/sup><\/span><\/strong><\/span><span style=\"font-size: 12px;\"><span style=\"color: #000000;\"><span style=\"font-family: arial,helvetica,sans-serif;\"><span style=\"line-height: 18px;\">Version,\u00a0<\/span><\/span><\/span><\/span><span style=\"font-size: 16px;\"><strong><span style=\"color: #0000ff;\"><sup>2<\/sup><\/span><\/strong><\/span>G\u00e9n\u00e9ration, <span style=\"font-size: 16px;\"><strong><span style=\"color: #0000ff;\"><sup>3<\/sup><\/span><\/strong><\/span>Encre \u2014 Toner,\u00a0 <span style=\"font-size: 16px;\"><strong><span style=\"color: #0000ff;\"><sup>4<\/sup><\/span><\/strong><\/span>Nombre de pages&#8230;<span style=\"font-size: 12px;\"><span style=\"color: #000080;\"><span style=\"font-family: arial,helvetica,sans-serif;\"> En savoir\u00a0davantage<\/span><\/span><\/span><span style=\"font-size: 14px;\"><strong>\u21d3<\/strong><\/span><\/h4>\n<\/div>\n<\/div>\n<div id=\"deplie\" style=\"display: none;\">\n<p><strong>&gt;<span style=\"font-size: 14px;\"><span style=\"font-family: arial,helvetica,sans-serif;\"><span style=\"color: #000080;\">Ferme<\/span><\/span><\/span><\/strong><\/p>\n<p><span style=\"font-size: 12px;\"><span style=\"color: #0000ff;\"><span style=\"font-family: arial,helvetica,sans-serif;\"><span style=\"line-height: 18px;\"><sup>\u00a01<\/sup><\/span><\/span><\/span><span style=\"color: #000000;\"><span style=\"font-family: arial,helvetica,sans-serif;\"><span style=\"line-height: 18px;\">La version d\u2019un produit d\u00e9termine quand il a subi son dernier contr\u00f4le et mise \u00e0 niveau. Les imprimantes d\u2019aujourd\u2019hui, lorsque connect\u00e9es \u00e0 un ordinateur, tablette ou tout appareil mobile, ont la possibilit\u00e9 (souvent \u00e0 votre insu) de changer certains r\u00e9glages internes de l\u2019imprimante. Cette technologie de mise \u00e0 niveau automatique des imprimantes a \u00e9t\u00e9 d\u00e9velopp\u00e9e par les manufacturiers d\u2019origine pour contrer les cartouches recycl\u00e9es ou compatibles. Il est important de vous assurer d\u2019avoir toujours la version la plus r\u00e9cente de vos cartouches, autrement cela pourrait influencer de fa\u00e7on consid\u00e9rable le rendement de la cartouche.<\/span><\/span><\/span><\/span><\/p>\n<hr \/>\n<p><span style=\"color: #0000ff;\"><sup>2<\/sup><\/span>La g\u00e9n\u00e9ration d\u00e9termine les composantes utilis\u00e9es pour la fabrication de la cartouche compatible ou le recyclage de la cartouche d\u2019origine. (HD) Haute d\u00e9finition, (EHQ) \u00c9conomique haute qualit\u00e9, (EP) Qui peut \u00eatre traduit par&#8230; Fabriquer pour \u00eatre vendu pour le prix, peu importe le rendement.<\/p>\n<hr \/>\n<p><span style=\"font-size: 12px;\"><span style=\"color: #0000ff;\"><span style=\"font-family: arial,helvetica,sans-serif;\"><span style=\"line-height: 18px;\"><sup>3<\/sup><\/span><\/span><\/span><span style=\"color: #000000;\"><span style=\"font-family: arial,helvetica,sans-serif;\"><span style=\"line-height: 18px;\"> Les manufacturiers \/ fabricants des cartouches compatibles &amp; recycl\u00e9es ont le choix d\u2019utiliser des encres &amp; toners ayant des composantes diff\u00e9rentes. Un mauvais choix peut influencer directement le rendement (de 30 \u00e0 60 % moins de copies) par cartouche et provoquer une usure pr\u00e9matur\u00e9e de votre \u00e9quipement.<\/span><\/span><\/span><\/span><\/p>\n<hr \/>\n<p><span style=\"font-size: 12px;\"><span style=\"color: #0000ff;\"><span style=\"font-family: arial,helvetica,sans-serif;\"><span style=\"line-height: 18px;\"><sup>4<\/sup><\/span><\/span><\/span><span style=\"color: #000000;\"><span style=\"font-family: arial,helvetica,sans-serif;\"><span style=\"line-height: 18px;\"> Le nombre de pages 81\/2 X 11 pouvant \u00eatre imprim\u00e9 \u00e0 partir de cette cartouche \u00e0 5% de couverture. Norme toner monochrome (ISO\/CEI 24711) toner couleur (ISO\/CEI 19798)<\/span><\/span><\/span><\/span><\/p>\n<\/div>\n<hr \/>\n<\/div>\n","protected":false},"excerpt":{"rendered":"<p># d&#8217;Article: BRTN339BK Origin code: TN339BK | TN-339BK Type: Cartouche Laser Category: Genuine Capacity: Extra high capacity Print color: Black Number of pages4: 6,000\u00a0 Compatible printers list Brother &#8211; HL Series HL-L9200CDW | HL-L9200CDWT Brother &#8211; MFC Series MFC-L9550CDW 1Version,\u00a02G\u00e9n\u00e9ration, 3Encre \u2014 Toner,\u00a0 4Nombre de pages&#8230; En savoir\u00a0davantage\u21d3 &gt;Ferme \u00a01La version d\u2019un produit d\u00e9termine quand [&hellip;]<\/p>\n","protected":false},"featured_media":17474,"comment_status":"open","ping_status":"closed","template":"","meta":[],"product_brand":[],"product_cat":[187,127,188,299,176],"product_tag":[],"class_list":{"0":"post-17471","1":"product","2":"type-product","3":"status-publish","4":"has-post-thumbnail","6":"product_cat-laser-printer-brother","7":"product_cat-brother-brand","8":"product_cat-laser-printer-brother-cartridge","9":"product_cat-couleur","10":"product_cat-laser-printer","12":"first","13":"instock","14":"taxable","15":"shipping-taxable","16":"purchasable","17":"product-type-simple"},"_links":{"self":[{"href":"https:\/\/encreatoutprix.ca\/en\/wp-json\/wp\/v2\/product\/17471","targetHints":{"allow":["GET"]}}],"collection":[{"href":"https:\/\/encreatoutprix.ca\/en\/wp-json\/wp\/v2\/product"}],"about":[{"href":"https:\/\/encreatoutprix.ca\/en\/wp-json\/wp\/v2\/types\/product"}],"replies":[{"embeddable":true,"href":"https:\/\/encreatoutprix.ca\/en\/wp-json\/wp\/v2\/comments?post=17471"}],"wp:featuredmedia":[{"embeddable":true,"href":"https:\/\/encreatoutprix.ca\/en\/wp-json\/wp\/v2\/media\/17474"}],"wp:attachment":[{"href":"https:\/\/encreatoutprix.ca\/en\/wp-json\/wp\/v2\/media?parent=17471"}],"wp:term":[{"taxonomy":"product_brand","embeddable":true,"href":"https:\/\/encreatoutprix.ca\/en\/wp-json\/wp\/v2\/product_brand?post=17471"},{"taxonomy":"product_cat","embeddable":true,"href":"https:\/\/encreatoutprix.ca\/en\/wp-json\/wp\/v2\/product_cat?post=17471"},{"taxonomy":"product_tag","embeddable":true,"href":"https:\/\/encreatoutprix.ca\/en\/wp-json\/wp\/v2\/product_tag?post=17471"}],"curies":[{"name":"wp","href":"https:\/\/api.w.org\/{rel}","templated":true}]}}