{"id":16845,"date":"2025-12-10T22:25:46","date_gmt":"2025-12-10T22:25:46","guid":{"rendered":"https:\/\/encreatoutprix.ca\/produit\/original-hp-972a-noir-3500-pages\/"},"modified":"2025-12-17T19:14:44","modified_gmt":"2025-12-17T19:14:44","slug":"original-hp-972a-noir-3500-pages","status":"publish","type":"product","link":"https:\/\/encreatoutprix.ca\/en\/product\/original-hp-972a-noir-3500-pages\/","title":{"rendered":"Genuine HP 972A Noir \/ 3,500 Pages"},"content":{"rendered":"<div id=\"tab-description\" class=\"tab-pane active\">\n<p><span style=\"font-size: 16px;\"><strong># d&#8217;Article:<\/strong> HP972BK<br \/>\n<strong>Code d&#8217;origine:<\/strong> #972A | F6T80AN<br \/>\n<strong>Type:<\/strong> Ink Jet<br \/>\n<strong>Cat\u00e9gorie<\/strong>: Genuine<br \/>\n<strong>Capacit\u00e9:<\/strong> standard<br \/>\n<strong>Couleur d&#8217;impression:<\/strong> Black<br \/>\n<strong>Nombre de pages<span style=\"color: #0000ff;\"><sup>4<\/sup><\/span><\/strong><strong>:<\/strong>\u00a03,500 <\/span><\/p>\n<hr \/>\n<p><strong style=\"font-size: 16px;\">Liste des imprimantes compatibles<\/strong><\/p>\n<div>\n<table style=\"background-color: #229bca; width: 100%;\" border=\"0\" cellspacing=\"1\" cellpadding=\"1\">\n<tbody>\n<tr>\n<td><span style=\"color: #ffffff;\"><strong><span style=\"font-size: 14px;\">HP &#8211; PageWide Series<\/span><\/strong><\/span><\/td>\n<\/tr>\n<\/tbody>\n<\/table>\n<table style=\"width: 100%;\" border=\"0\" cellspacing=\"1\" cellpadding=\"1\">\n<tbody>\n<tr>\n<td><span style=\"font-size: 14px;\">PageWide 352dw | PageWide 377dw<\/span><\/td>\n<\/tr>\n<\/tbody>\n<\/table>\n<table style=\"background-color: #229bca; width: 100%;\" border=\"0\" cellspacing=\"1\" cellpadding=\"1\">\n<tbody>\n<tr>\n<td><span style=\"color: #ffffff;\"><strong><span style=\"font-size: 14px;\">HP &#8211; PageWide Pro Series<\/span><\/strong><\/span><\/td>\n<\/tr>\n<\/tbody>\n<\/table>\n<table style=\"width: 100%;\" border=\"0\" cellspacing=\"1\" cellpadding=\"1\">\n<tbody>\n<tr>\n<td><span style=\"font-size: 14px;\">PageWide Pro 452dn | PageWide Pro 452dw | PageWide Pro 477dn | PageWide Pro 477dw | PageWide Pro 552dw | PageWide Pro 577dw | PageWide Pro 577z<\/span><\/td>\n<\/tr>\n<\/tbody>\n<\/table>\n<\/div>\n<hr \/>\n<div id=\"replie\" style=\"margin-left: 80px; display: block;\"><span style=\"font-size: 16px;\"><strong><span style=\"color: #0000ff;\"><sup>1<\/sup><\/span><\/strong><\/span><span style=\"font-size: 12px;\"><span style=\"color: #000000;\"><span style=\"font-family: arial,helvetica,sans-serif;\"><span style=\"line-height: 18px;\">Version,\u00a0<\/span><\/span><\/span><\/span><span style=\"font-size: 16px;\"><strong><span style=\"color: #0000ff;\"><sup>2<\/sup><\/span><\/strong><\/span>G\u00e9n\u00e9ration, <span style=\"font-size: 16px;\"><strong><span style=\"color: #0000ff;\"><sup>3<\/sup><\/span><\/strong><\/span>Encre,\u00a0 <span style=\"font-size: 16px;\"><strong><span style=\"color: #0000ff;\"><sup>4<\/sup><\/span><\/strong><\/span>Nombre de pages&#8230;<span style=\"font-size: 12px;\"><span style=\"color: #000080;\"><span style=\"font-family: arial,helvetica,sans-serif;\"> En savoir\u00a0davantage<\/span><\/span><\/span><span style=\"font-size: 14px;\"><strong>\u21d3<\/strong><\/span><\/div>\n<div id=\"deplie\" style=\"display: none;\">\n<p><strong>&gt;<span style=\"font-size: 14px;\"><span style=\"font-family: arial,helvetica,sans-serif;\"><span style=\"color: #000080;\">Ferme<\/span><\/span><\/span><\/strong><\/p>\n<p><span style=\"font-size: 12px;\"><span style=\"color: #0000ff;\"><span style=\"font-family: arial,helvetica,sans-serif;\"><span style=\"line-height: 18px;\"><sup>\u00a01<\/sup><\/span><\/span><\/span><span style=\"color: #000000;\"><span style=\"font-family: arial,helvetica,sans-serif;\"><span style=\"line-height: 18px;\">La version d\u2019un produit d\u00e9termine quand il a subi son dernier contr\u00f4le et mise \u00e0 niveau. Les imprimantes d\u2019aujourd\u2019hui, lorsque connect\u00e9es \u00e0 un ordinateur, tablette ou tout appareil mobile, ont la possibilit\u00e9 (souvent \u00e0 votre insu) de changer certains r\u00e9glages internes de l\u2019imprimante. Cette technologie de mise \u00e0 niveau automatique des imprimantes a \u00e9t\u00e9 d\u00e9velopp\u00e9e par les manufacturiers d\u2019origine pour contrer les cartouches recycl\u00e9es ou compatibles. Il est important de vous assurer d\u2019avoir toujours la version la plus r\u00e9cente de vos cartouches, autrement cela pourrait influencer de fa\u00e7on consid\u00e9rable le rendement de la cartouche.<\/span><\/span><\/span><\/span><\/p>\n<hr \/>\n<p><span style=\"color: #0000ff;\"><sup>2<\/sup><\/span>La g\u00e9n\u00e9ration d\u00e9termine les composantes utilis\u00e9es pour la fabrication de la cartouche compatible ou le recyclage de la cartouche d\u2019origine. (HD) Haute d\u00e9finition, (EHQ) \u00c9conomique haute qualit\u00e9, (EP) Qui peut \u00eatre traduit par&#8230; Fabriquer pour \u00eatre vendu pour le prix, peu importe le rendement.<\/p>\n<hr \/>\n<p><span style=\"font-size: 12px;\"><span style=\"color: #0000ff;\"><span style=\"font-family: arial,helvetica,sans-serif;\"><span style=\"line-height: 18px;\"><sup>3<\/sup><\/span><\/span><\/span><span style=\"color: #000000;\"><span style=\"font-family: arial,helvetica,sans-serif;\"><span style=\"line-height: 18px;\"> Les manufacturiers \/ fabricants des cartouches compatibles &amp; recycl\u00e9es ont le choix d\u2019utiliser des encres ayant des composantes diff\u00e9rentes. Un mauvais choix peut influencer directement le rendement (de 30 \u00e0 60 % moins de copies) par cartouche et provoquer une usure pr\u00e9matur\u00e9e de votre \u00e9quipement.<\/span><\/span><\/span><\/span><\/p>\n<hr \/>\n<p><span style=\"font-size: 12px;\"><span style=\"color: #0000ff;\"><span style=\"font-family: arial,helvetica,sans-serif;\"><span style=\"line-height: 18px;\"><sup>4<\/sup><\/span><\/span><\/span><span style=\"color: #000000;\"><span style=\"font-family: arial,helvetica,sans-serif;\"><span style=\"line-height: 18px;\"> Le nombre de pages 81\/2 X 11 pouvant \u00eatre imprim\u00e9 \u00e0 partir de cette cartouche \u00e0 5% de couverture. Norme toner monochrome (ISO\/CEI 24711) toner couleur (ISO\/CEI 19798)<\/span><\/span><\/span><\/span><\/p>\n<\/div>\n<hr \/>\n<\/div>\n","protected":false},"excerpt":{"rendered":"<p># d&#8217;Article: HP972BK Code d&#8217;origine: #972A | F6T80AN Type: Ink Jet Cat\u00e9gorie: Genuine Capacit\u00e9: standard Couleur d&#8217;impression: Black Nombre de pages4:\u00a03,500 Liste des imprimantes compatibles HP &#8211; PageWide Series PageWide 352dw | PageWide 377dw HP &#8211; PageWide Pro Series PageWide Pro 452dn | PageWide Pro 452dw | PageWide Pro 477dn | PageWide Pro 477dw | [&hellip;]<\/p>\n","protected":false},"featured_media":16846,"comment_status":"open","ping_status":"closed","template":"","meta":[],"product_brand":[],"product_cat":[206,134,205,173,204],"product_tag":[],"class_list":{"0":"post-16845","1":"product","2":"type-product","3":"status-publish","4":"has-post-thumbnail","6":"product_cat-jet-encre-hp-cartouche","7":"product_cat-hewlett-packard-brand","8":"product_cat-jet-encre-hp","9":"product_cat-inkjet","10":"product_cat-jet-encre","12":"first","13":"instock","14":"taxable","15":"shipping-taxable","16":"purchasable","17":"product-type-simple"},"_links":{"self":[{"href":"https:\/\/encreatoutprix.ca\/en\/wp-json\/wp\/v2\/product\/16845","targetHints":{"allow":["GET"]}}],"collection":[{"href":"https:\/\/encreatoutprix.ca\/en\/wp-json\/wp\/v2\/product"}],"about":[{"href":"https:\/\/encreatoutprix.ca\/en\/wp-json\/wp\/v2\/types\/product"}],"replies":[{"embeddable":true,"href":"https:\/\/encreatoutprix.ca\/en\/wp-json\/wp\/v2\/comments?post=16845"}],"wp:featuredmedia":[{"embeddable":true,"href":"https:\/\/encreatoutprix.ca\/en\/wp-json\/wp\/v2\/media\/16846"}],"wp:attachment":[{"href":"https:\/\/encreatoutprix.ca\/en\/wp-json\/wp\/v2\/media?parent=16845"}],"wp:term":[{"taxonomy":"product_brand","embeddable":true,"href":"https:\/\/encreatoutprix.ca\/en\/wp-json\/wp\/v2\/product_brand?post=16845"},{"taxonomy":"product_cat","embeddable":true,"href":"https:\/\/encreatoutprix.ca\/en\/wp-json\/wp\/v2\/product_cat?post=16845"},{"taxonomy":"product_tag","embeddable":true,"href":"https:\/\/encreatoutprix.ca\/en\/wp-json\/wp\/v2\/product_tag?post=16845"}],"curies":[{"name":"wp","href":"https:\/\/api.w.org\/{rel}","templated":true}]}}